{"id":2324,"date":"2025-03-14T11:05:23","date_gmt":"2025-03-14T11:05:23","guid":{"rendered":"https:\/\/algarveweddingplanners.com\/contacts\/"},"modified":"2025-06-04T17:04:31","modified_gmt":"2025-06-04T17:04:31","slug":"contacts","status":"publish","type":"page","link":"https:\/\/algarveweddingplanners.com\/pt-pt\/contacts\/","title":{"rendered":"Contactos"},"content":{"rendered":"\t\t<div data-elementor-type=\"wp-page\" data-elementor-id=\"2324\" class=\"elementor elementor-2324 elementor-722\">\n\t\t\t\t<div class=\"wd-negative-gap elementor-element elementor-element-eb89b33 animated-slow e-flex e-con-boxed elementor-invisible e-con e-parent\" data-id=\"eb89b33\" data-element_type=\"container\" data-e-type=\"container\" data-settings=\"{&quot;animation&quot;:&quot;fadeIn&quot;,&quot;animation_delay&quot;:500}\">\n\t\t\t\t\t<div class=\"e-con-inner\">\n\t\t\t\t<div class=\"elementor-element elementor-element-c354656 elementor-widget elementor-widget-heading\" data-id=\"c354656\" data-element_type=\"widget\" data-e-type=\"widget\" data-widget_type=\"heading.default\">\n\t\t\t\t<div class=\"elementor-widget-container\">\n\t\t\t\t\t<h2 class=\"elementor-heading-title elementor-size-default\">ENTRE EM <br>\nCONTACTO<\/h2>\t\t\t\t<\/div>\n\t\t\t\t<\/div>\n\t\t\t\t<div class=\"elementor-element elementor-element-28b900e text-center color-scheme-inherit elementor-widget elementor-widget-text-editor\" data-id=\"28b900e\" data-element_type=\"widget\" data-e-type=\"widget\" data-widget_type=\"text-editor.default\">\n\t\t\t\t<div class=\"elementor-widget-container\">\n\t\t\t\t\t\t\t\t\t<p>Se precisar de mais informa\u00e7\u00f5es ou quiser marcar uma consulta gratuita,<br \/>por favor contacte-nos:<\/p>\t\t\t\t\t\t\t\t<\/div>\n\t\t\t\t<\/div>\n\t\t\t\t<div class=\"elementor-element elementor-element-5e0063b text-center color-scheme-inherit elementor-widget elementor-widget-text-editor\" data-id=\"5e0063b\" data-element_type=\"widget\" data-e-type=\"widget\" data-widget_type=\"text-editor.default\">\n\t\t\t\t<div class=\"elementor-widget-container\">\n\t\t\t\t\t\t\t\t\t<p><a href=\"mailto:info@algarveweddingplanners.com\">info@algarveweddingplanners.com<\/a><\/p><p><a href=\"tel:+351965623091\">+351 965 623 091<\/a><br \/><br \/><\/p>\t\t\t\t\t\t\t\t<\/div>\n\t\t\t\t<\/div>\n\t\t\t\t<div class=\"elementor-element elementor-element-e58c0d4 text-center color-scheme-inherit elementor-widget elementor-widget-text-editor\" data-id=\"e58c0d4\" data-element_type=\"widget\" data-e-type=\"widget\" data-widget_type=\"text-editor.default\">\n\t\t\t\t<div class=\"elementor-widget-container\">\n\t\t\t\t\t\t\t\t\t<p>Chamada para rede m\u00f3vel nacional<\/p>\t\t\t\t\t\t\t\t<\/div>\n\t\t\t\t<\/div>\n\t\t\t\t\t<\/div>\n\t\t\t\t<\/div>\n\t\t<div class=\"elementor-element elementor-element-c9c0c79 wd-section-stretch e-flex e-con-boxed e-con e-parent\" data-id=\"c9c0c79\" data-element_type=\"container\" data-e-type=\"container\" data-settings=\"{&quot;background_background&quot;:&quot;classic&quot;}\">\n\t\t\t\t\t<div class=\"e-con-inner\">\n\t\t\t\t<div class=\"elementor-element elementor-element-6d8dd9d animated-slow wd-cf7 elementor-invisible elementor-widget elementor-widget-wd_contact_form_7\" data-id=\"6d8dd9d\" data-element_type=\"widget\" data-e-type=\"widget\" data-settings=\"{&quot;_animation&quot;:&quot;fadeIn&quot;}\" data-widget_type=\"wd_contact_form_7.default\">\n\t\t\t\t<div class=\"elementor-widget-container\">\n\t\t\t\t\t\n<div class=\"wpcf7 no-js\" id=\"wpcf7-f2329-o1\" lang=\"pt-PT\" dir=\"ltr\" data-wpcf7-id=\"2329\">\n<div class=\"screen-reader-response\"><p role=\"status\" aria-live=\"polite\" aria-atomic=\"true\"><\/p> <ul><\/ul><\/div>\n<form action=\"\/pt-pt\/wp-json\/wp\/v2\/pages\/2324#wpcf7-f2329-o1\" method=\"post\" class=\"wpcf7-form init\" aria-label=\"Formul\u00e1rio de contacto\" novalidate=\"novalidate\" data-status=\"init\">\n<fieldset class=\"hidden-fields-container\"><input type=\"hidden\" name=\"_wpcf7\" value=\"2329\" \/><input type=\"hidden\" name=\"_wpcf7_version\" value=\"6.1.5\" \/><input type=\"hidden\" name=\"_wpcf7_locale\" value=\"pt_PT\" \/><input type=\"hidden\" name=\"_wpcf7_unit_tag\" value=\"wpcf7-f2329-o1\" \/><input type=\"hidden\" name=\"_wpcf7_container_post\" value=\"0\" \/><input type=\"hidden\" name=\"_wpcf7_posted_data_hash\" value=\"\" \/><input type=\"hidden\" name=\"_wpcf7_recaptcha_response\" value=\"\" \/>\n<\/fieldset>\n<p>Uma c\u00f3pia do seu pedido de informa\u00e7\u00e3o ser-lhe-\u00e1 imediatamente enviada por correio<br \/>\neletr\u00f3nico para seu registo.\n<\/p>\n<div class=\"full\">\n\t<p><label> Nome<br \/>\n<span class=\"wpcf7-form-control-wrap\" data-name=\"your-name\"><input size=\"40\" maxlength=\"400\" class=\"wpcf7-form-control wpcf7-text wpcf7-validates-as-required\" autocomplete=\"name\" aria-required=\"true\" aria-invalid=\"false\" value=\"\" type=\"text\" name=\"your-name\" \/><\/span> <\/label>\n\t<\/p>\n<\/div>\n<div class=\"meio\">\n\t<p><label> Email*<br \/>\n<span class=\"wpcf7-form-control-wrap\" data-name=\"your-email\"><input size=\"40\" maxlength=\"400\" class=\"wpcf7-form-control wpcf7-email wpcf7-validates-as-required wpcf7-text wpcf7-validates-as-email\" autocomplete=\"email\" aria-required=\"true\" aria-invalid=\"false\" value=\"\" type=\"email\" name=\"your-email\" \/><\/span> <\/label>\n\t<\/p>\n<\/div>\n<div class=\"meio\">\n\t<p><label> Telefone*<br \/>\n<div class=\"dswcf7_country_sel\">\n\t\t<span class=\"wpcf7-form-control-wrap\" data-name=\"telephone_input-33\">\n\t\t\t<input id=\"\" type=\"text\" name=\"telephone_input-33\"  class=\"wpcf7-form-control wpcf7-telephone_input wpcf7-validates-as-required telephone_input_class\" enable_dropdown=\"1\">\n\t\t<\/span>\n    <\/div><\/label>\n\t<\/p>\n<\/div>\n<div class=\"meio\">\n\t<p><label>Pa\u00eds<br \/>\n<span class=\"wpcf7-form-control-wrap\" data-name=\"your-country\"><input size=\"40\" maxlength=\"400\" class=\"wpcf7-form-control wpcf7-text wpcf7-validates-as-required\" aria-required=\"true\" aria-invalid=\"false\" value=\"\" type=\"text\" name=\"your-country\" \/><\/span> <\/label>\n\t<\/p>\n<\/div>\n<div class=\"meio\">\n\t<p><label>Assunto<br \/>\n<span class=\"wpcf7-form-control-wrap\" data-name=\"your-subject\"><input size=\"40\" maxlength=\"400\" class=\"wpcf7-form-control wpcf7-text wpcf7-validates-as-required\" aria-required=\"true\" aria-invalid=\"false\" value=\"\" type=\"text\" name=\"your-subject\" \/><\/span> <\/label>\n\t<\/p>\n<\/div>\n<div class=\"full\">\n\t<p><label>Mensagem<br \/>\n<span class=\"wpcf7-form-control-wrap\" data-name=\"your-message\"><textarea cols=\"40\" rows=\"10\" maxlength=\"2000\" class=\"wpcf7-form-control wpcf7-textarea\" aria-invalid=\"false\" name=\"your-message\"><\/textarea><\/span> <\/label><br \/>\n<input class=\"wpcf7-form-control wpcf7-submit has-spinner\" type=\"submit\" value=\"Enviar\" \/>\n\t<\/p>\n\t<p>Este formul\u00e1rio recolhe o seu nome, telefone, pa\u00eds e correio eletr\u00f3nico. Consulte a nossa<br \/>\npol\u00edtica de privacidade para obter informa\u00e7\u00f5es completas sobre a forma como protegemos e<br \/>\ngerimos os dados enviados.\n\t<\/p>\n\t<p><span class=\"wpcf7-form-control-wrap\" data-name=\"acceptance-224\"><span class=\"wpcf7-form-control wpcf7-acceptance\"><span class=\"wpcf7-list-item\"><label><input type=\"checkbox\" name=\"acceptance-224\" value=\"1\" aria-invalid=\"false\" \/><span class=\"wpcf7-list-item-label\">Desejo receber a vossa newsletter. N\u00e3o enviamos mais do que uma por m\u00eas.<\/span><\/label><\/span><\/span><\/span><br \/>\n<span class=\"wpcf7-form-control-wrap\" data-name=\"acceptance-225\"><span class=\"wpcf7-form-control wpcf7-acceptance\"><span class=\"wpcf7-list-item\"><label><input type=\"checkbox\" name=\"acceptance-225\" value=\"1\" aria-invalid=\"false\" \/><span class=\"wpcf7-list-item-label\">Autorizo a Algarve Wedding Planners \/ White Impact Group, a recolher os meus dados o meu\nnome, telefone e email.<\/span><\/label><\/span><\/span><\/span>\n\t<\/p>\n\t<p>* Campos obrigat\u00f3rios\n\t<\/p>\n<\/div><div class=\"wpcf7-response-output\" aria-hidden=\"true\"><\/div>\n<\/form>\n<\/div>\n\t\t\t\t<\/div>\n\t\t\t\t<\/div>\n\t\t\t\t\t<\/div>\n\t\t\t\t<\/div>\n\t\t<div class=\"wd-negative-gap elementor-element elementor-element-da70ec4 wd-section-stretch-content e-flex e-con-boxed e-con e-parent\" data-id=\"da70ec4\" data-element_type=\"container\" data-e-type=\"container\">\n\t\t\t\t\t<div class=\"e-con-inner\">\n\t\t\t\t<div class=\"elementor-element elementor-element-422798f color-scheme-inherit text-left elementor-widget elementor-widget-text-editor\" data-id=\"422798f\" data-element_type=\"widget\" data-e-type=\"widget\" data-widget_type=\"text-editor.default\">\n\t\t\t\t<div class=\"elementor-widget-container\">\n\t\t\t\t\t\t\t\t\t<iframe src=\"https:\/\/www.google.com\/maps\/embed?pb=!1m17!1m12!1m3!1d3176.4886967561542!2d-8.239108087949168!3d37.23611107200979!2m3!1f0!2f0!3f0!3m2!1i1024!2i768!4f13.1!3m2!1m1!2zMzfCsDE0JzEwLjAiTiA4wrAxNCcxMS41Ilc!5e0!3m2!1spt-PT!2spt!4v1742826586592!5m2!1spt-PT!2spt\" width=\"100%\" height=\"450\" style=\"border:0;\" allowfullscreen=\"\" loading=\"lazy\" referrerpolicy=\"no-referrer-when-downgrade\"><\/iframe>\t\t\t\t\t\t\t\t<\/div>\n\t\t\t\t<\/div>\n\t\t\t\t\t<\/div>\n\t\t\t\t<\/div>\n\t\t\t\t<\/div>\n\t\t","protected":false},"excerpt":{"rendered":"<p>ENTRE EM CONTACTO Se precisar de mais informa\u00e7\u00f5es ou quiser marcar uma consulta gratuita,por favor contacte-nos: info@algarveweddingplanners.com +351 965 623<\/p>\n","protected":false},"author":1,"featured_media":0,"parent":0,"menu_order":0,"comment_status":"closed","ping_status":"closed","template":"","meta":{"_joinchat":[],"footnotes":""},"class_list":["post-2324","page","type-page","status-publish","hentry"],"yoast_head":"<!-- This site is optimized with the Yoast SEO plugin v27.5 - https:\/\/yoast.com\/product\/yoast-seo-wordpress\/ -->\n<title>Contactos - Algarve Wedding Planners<\/title>\n<meta name=\"description\" content=\"Quer Agendar Casamento no Algarve? Fale connosco, sem compromisso, e perceba o que podemos fazer por si e pelo seu evento de sonho!\" \/>\n<meta name=\"robots\" content=\"index, follow, max-snippet:-1, max-image-preview:large, max-video-preview:-1\" \/>\n<link rel=\"canonical\" href=\"https:\/\/algarveweddingplanners.com\/pt-pt\/contacts\/\" \/>\n<meta property=\"og:locale\" content=\"pt_PT\" \/>\n<meta property=\"og:type\" content=\"article\" \/>\n<meta property=\"og:title\" content=\"Contactos - Algarve Wedding Planners\" \/>\n<meta property=\"og:description\" content=\"Quer Agendar Casamento no Algarve? Fale connosco, sem compromisso, e perceba o que podemos fazer por si e pelo seu evento de sonho!\" \/>\n<meta property=\"og:url\" content=\"https:\/\/algarveweddingplanners.com\/pt-pt\/contacts\/\" \/>\n<meta property=\"og:site_name\" content=\"Algarve Wedding Planners\" \/>\n<meta property=\"article:modified_time\" content=\"2025-06-04T17:04:31+00:00\" \/>\n<meta name=\"twitter:card\" content=\"summary_large_image\" \/>\n<meta name=\"twitter:label1\" content=\"Tempo estimado de leitura\" \/>\n\t<meta name=\"twitter:data1\" content=\"1 minuto\" \/>\n<script type=\"application\/ld+json\" class=\"yoast-schema-graph\">{\"@context\":\"https:\\\/\\\/schema.org\",\"@graph\":[{\"@type\":\"WebPage\",\"@id\":\"https:\\\/\\\/algarveweddingplanners.com\\\/pt-pt\\\/contacts\\\/\",\"url\":\"https:\\\/\\\/algarveweddingplanners.com\\\/pt-pt\\\/contacts\\\/\",\"name\":\"Contactos - Algarve Wedding Planners\",\"isPartOf\":{\"@id\":\"https:\\\/\\\/algarveweddingplanners.com\\\/#website\"},\"datePublished\":\"2025-03-14T11:05:23+00:00\",\"dateModified\":\"2025-06-04T17:04:31+00:00\",\"description\":\"Quer Agendar Casamento no Algarve? Fale connosco, sem compromisso, e perceba o que podemos fazer por si e pelo seu evento de sonho!\",\"breadcrumb\":{\"@id\":\"https:\\\/\\\/algarveweddingplanners.com\\\/pt-pt\\\/contacts\\\/#breadcrumb\"},\"inLanguage\":\"pt-PT\",\"potentialAction\":[{\"@type\":\"ReadAction\",\"target\":[\"https:\\\/\\\/algarveweddingplanners.com\\\/pt-pt\\\/contacts\\\/\"]}]},{\"@type\":\"BreadcrumbList\",\"@id\":\"https:\\\/\\\/algarveweddingplanners.com\\\/pt-pt\\\/contacts\\\/#breadcrumb\",\"itemListElement\":[{\"@type\":\"ListItem\",\"position\":1,\"name\":\"Home\",\"item\":\"https:\\\/\\\/algarveweddingplanners.com\\\/pt-pt\\\/\"},{\"@type\":\"ListItem\",\"position\":2,\"name\":\"Contactos\"}]},{\"@type\":\"WebSite\",\"@id\":\"https:\\\/\\\/algarveweddingplanners.com\\\/#website\",\"url\":\"https:\\\/\\\/algarveweddingplanners.com\\\/\",\"name\":\"Algarve Wedding Planners\",\"description\":\"White Impact Group\",\"potentialAction\":[{\"@type\":\"SearchAction\",\"target\":{\"@type\":\"EntryPoint\",\"urlTemplate\":\"https:\\\/\\\/algarveweddingplanners.com\\\/?s={search_term_string}\"},\"query-input\":{\"@type\":\"PropertyValueSpecification\",\"valueRequired\":true,\"valueName\":\"search_term_string\"}}],\"inLanguage\":\"pt-PT\"}]}<\/script>\n<!-- \/ Yoast SEO plugin. -->","yoast_head_json":{"title":"Contactos - Algarve Wedding Planners","description":"Quer Agendar Casamento no Algarve? Fale connosco, sem compromisso, e perceba o que podemos fazer por si e pelo seu evento de sonho!","robots":{"index":"index","follow":"follow","max-snippet":"max-snippet:-1","max-image-preview":"max-image-preview:large","max-video-preview":"max-video-preview:-1"},"canonical":"https:\/\/algarveweddingplanners.com\/pt-pt\/contacts\/","og_locale":"pt_PT","og_type":"article","og_title":"Contactos - Algarve Wedding Planners","og_description":"Quer Agendar Casamento no Algarve? Fale connosco, sem compromisso, e perceba o que podemos fazer por si e pelo seu evento de sonho!","og_url":"https:\/\/algarveweddingplanners.com\/pt-pt\/contacts\/","og_site_name":"Algarve Wedding Planners","article_modified_time":"2025-06-04T17:04:31+00:00","twitter_card":"summary_large_image","twitter_misc":{"Tempo estimado de leitura":"1 minuto"},"schema":{"@context":"https:\/\/schema.org","@graph":[{"@type":"WebPage","@id":"https:\/\/algarveweddingplanners.com\/pt-pt\/contacts\/","url":"https:\/\/algarveweddingplanners.com\/pt-pt\/contacts\/","name":"Contactos - Algarve Wedding Planners","isPartOf":{"@id":"https:\/\/algarveweddingplanners.com\/#website"},"datePublished":"2025-03-14T11:05:23+00:00","dateModified":"2025-06-04T17:04:31+00:00","description":"Quer Agendar Casamento no Algarve? Fale connosco, sem compromisso, e perceba o que podemos fazer por si e pelo seu evento de sonho!","breadcrumb":{"@id":"https:\/\/algarveweddingplanners.com\/pt-pt\/contacts\/#breadcrumb"},"inLanguage":"pt-PT","potentialAction":[{"@type":"ReadAction","target":["https:\/\/algarveweddingplanners.com\/pt-pt\/contacts\/"]}]},{"@type":"BreadcrumbList","@id":"https:\/\/algarveweddingplanners.com\/pt-pt\/contacts\/#breadcrumb","itemListElement":[{"@type":"ListItem","position":1,"name":"Home","item":"https:\/\/algarveweddingplanners.com\/pt-pt\/"},{"@type":"ListItem","position":2,"name":"Contactos"}]},{"@type":"WebSite","@id":"https:\/\/algarveweddingplanners.com\/#website","url":"https:\/\/algarveweddingplanners.com\/","name":"Algarve Wedding Planners","description":"White Impact Group","potentialAction":[{"@type":"SearchAction","target":{"@type":"EntryPoint","urlTemplate":"https:\/\/algarveweddingplanners.com\/?s={search_term_string}"},"query-input":{"@type":"PropertyValueSpecification","valueRequired":true,"valueName":"search_term_string"}}],"inLanguage":"pt-PT"}]}},"_links":{"self":[{"href":"https:\/\/algarveweddingplanners.com\/pt-pt\/wp-json\/wp\/v2\/pages\/2324","targetHints":{"allow":["GET"]}}],"collection":[{"href":"https:\/\/algarveweddingplanners.com\/pt-pt\/wp-json\/wp\/v2\/pages"}],"about":[{"href":"https:\/\/algarveweddingplanners.com\/pt-pt\/wp-json\/wp\/v2\/types\/page"}],"author":[{"embeddable":true,"href":"https:\/\/algarveweddingplanners.com\/pt-pt\/wp-json\/wp\/v2\/users\/1"}],"replies":[{"embeddable":true,"href":"https:\/\/algarveweddingplanners.com\/pt-pt\/wp-json\/wp\/v2\/comments?post=2324"}],"version-history":[{"count":7,"href":"https:\/\/algarveweddingplanners.com\/pt-pt\/wp-json\/wp\/v2\/pages\/2324\/revisions"}],"predecessor-version":[{"id":2332,"href":"https:\/\/algarveweddingplanners.com\/pt-pt\/wp-json\/wp\/v2\/pages\/2324\/revisions\/2332"}],"wp:attachment":[{"href":"https:\/\/algarveweddingplanners.com\/pt-pt\/wp-json\/wp\/v2\/media?parent=2324"}],"curies":[{"name":"wp","href":"https:\/\/api.w.org\/{rel}","templated":true}]}}