{"id":2434,"date":"2025-06-04T17:24:00","date_gmt":"2025-06-04T17:24:00","guid":{"rendered":"https:\/\/algarveweddingplanners.com\/privacy-policy-2\/"},"modified":"2025-06-06T17:47:13","modified_gmt":"2025-06-06T17:47:13","slug":"privacy-policy-2","status":"publish","type":"page","link":"https:\/\/algarveweddingplanners.com\/pt-pt\/privacy-policy-2\/","title":{"rendered":"Pol\u00edtica de Privacidade"},"content":{"rendered":"\t\t<div data-elementor-type=\"wp-page\" data-elementor-id=\"2434\" class=\"elementor elementor-2434 elementor-2420\">\n\t\t\t\t<div class=\"elementor-element elementor-element-eb89b33 e-flex e-con-boxed e-con e-parent\" data-id=\"eb89b33\" data-element_type=\"container\" data-e-type=\"container\">\n\t\t\t\t\t<div class=\"e-con-inner\">\n\t\t\t\t<div class=\"elementor-element elementor-element-c354656 elementor-widget elementor-widget-heading\" data-id=\"c354656\" data-element_type=\"widget\" data-e-type=\"widget\" data-widget_type=\"heading.default\">\n\t\t\t\t<div class=\"elementor-widget-container\">\n\t\t\t\t\t<h2 class=\"elementor-heading-title elementor-size-default\">Pol\u00edtica de Privacidade<\/h2>\t\t\t\t<\/div>\n\t\t\t\t<\/div>\n\t\t\t\t\t<\/div>\n\t\t\t\t<\/div>\n\t\t<div class=\"wd-negative-gap elementor-element elementor-element-0025bc9 e-flex e-con-boxed e-con e-parent\" data-id=\"0025bc9\" data-element_type=\"container\" data-e-type=\"container\" id=\"gallery\">\n\t\t\t\t\t<div class=\"e-con-inner\">\n\t\t\t\t<div class=\"elementor-element elementor-element-9769e21 color-scheme-inherit text-left elementor-widget elementor-widget-text-editor\" data-id=\"9769e21\" data-element_type=\"widget\" data-e-type=\"widget\" data-widget_type=\"text-editor.default\">\n\t\t\t\t<div class=\"elementor-widget-container\">\n\t\t\t\t\t\t\t\t\t<p class=\"p1\"><b>O Compromisso<\/b><\/p><p class=\"p1\">A White Impact Lda tem como compromisso o respeito pela privacidade dos utilizadores e a prote\u00e7\u00e3o e seguran\u00e7a dos seus dados pessoais, como tal garantimos que os dados pessoais s\u00e3o tratados de uma forma correta e l\u00edcita, em conformidade com as boas pr\u00e1ticas e de acordo com o Reg. (EU) 2016\/679, Regulamento Geral de Prote\u00e7\u00e3o de Dados.<\/p><p class=\"p1\">Este website foi concebido para que a recolha e utiliza\u00e7\u00e3o dos seus dados pessoais seja m\u00ednima e n\u00e3o exceda o intuito original para o qual foram recolhidos.<\/p><p class=\"p1\">A White Impact Lda aconselha a leitura da presente pol\u00edtica que estabelece a forma como os seus dados s\u00e3o tratados.<\/p><p class=\"p1\"><b>Responsabilidade pelo tratamento dos dados pessoais<\/b><\/p><p class=\"p1\">A White Impact Lda \u00e9 respons\u00e1vel pela defini\u00e7\u00e3o e implementa\u00e7\u00e3o desta pol\u00edtica, garantindo, entre outros aspetos, a conformidade do tratamento de dados com a legisla\u00e7\u00e3o em vigor e proceder \u00e0 verifica\u00e7\u00e3o do cumprimento desta Pol\u00edtica.<\/p><p class=\"p1\">Por dados pessoais entende-se qualquer informa\u00e7\u00e3o, de qualquer natureza e independentemente do respetivo suporte, relativa a uma pessoa singular identificada ou identific\u00e1vel. \u00c9 considerada identific\u00e1vel, a pessoa que possa ser identificada direta ou indiretamente, designadamente por refer\u00eancia a um n\u00famero de identifica\u00e7\u00e3o ou a um ou mais elementos espec\u00edficos da sua identidade f\u00edsica, fisiol\u00f3gica, ps\u00edquica, econ\u00f3mica, cultural ou social<\/p><p class=\"p1\"><b>Como recolhemos os seus dados pessoais ?<\/b><\/p><p class=\"p1\">Os seus dados pessoais ser\u00e3o recolhidos e tratados nas seguintes situa\u00e7\u00f5es:<\/p><p class=\"p1\"><span class=\"s1\">\u2022<\/span> Se preencher os seus dados pessoais e submeter o Formul\u00e1rio de Consentimento constantes no nosso website. Dados recolhidos:<\/p><p class=\"p1\"><span class=\"s1\">\u2022<\/span> Nome<\/p><p class=\"p1\"><span class=\"s1\">\u2022<\/span> N\u00famero de telefone<\/p><p class=\"p1\"><span class=\"s1\">\u2022<\/span> Endere\u00e7o do correio eletr\u00f3nico<\/p><p class=\"p1\"><span class=\"s1\">\u2022<\/span> Pa\u00eds<\/p><p class=\"p1\"><span class=\"s1\">\u2022<\/span> Se utilizar o nosso website e interagir com a nossa p\u00e1gina web. Dados recolhidos:<\/p><p class=\"p1\">Informa\u00e7\u00e3o sobre o seu endere\u00e7o IP, tempos de acesso, tipo de browser que utiliza e idioma, sistema operacional que utiliza, atividade da sua conta e p\u00e1ginas acedidas, dados sobre o dispositivo e rede que utiliza, software instalado incluindo chaves do produto<\/p><p class=\"p1\"><span class=\"s1\">\u2022<\/span> Dados sobre a localiza\u00e7\u00e3o precisa atrav\u00e9s de global Position system ou localiza\u00e7\u00e3o atrav\u00e9s obtidos atrav\u00e9s do endere\u00e7o de IP como a cidade ou c\u00f3digo postal<\/p><p class=\"p1\"><span class=\"s1\">\u2022<\/span> Se Comunicar atrav\u00e9s de correio eletr\u00f3nico ou telefone.<\/p><p class=\"p1\"><b>Monitoriza\u00e7\u00e3o e grava\u00e7\u00e3o<\/b><\/p><p class=\"p1\"><span class=\"s1\">\u2022<\/span> Quando visitar o nosso escrit\u00f3rio a sua imagem pode ser captada pela camara de Seguran\u00e7a<\/p><p class=\"p1\"><span class=\"s1\">\u2022<\/span> As conversa\u00e7\u00f5es por email ou chat podem ser gravadas e monitorizadas<\/p><p class=\"p1\"><b>Finalidade da recolha dos dados pessoais<\/b><\/p><p class=\"p1\">O tratamento da informa\u00e7\u00e3o recolhida tem como finalidade a promo\u00e7\u00e3o ativa dos nossos servi\u00e7os e produtos, intera\u00e7\u00e3o com o cliente e cumprimento da mat\u00e9ria fiscal.<b>\u2013 Presta\u00e7\u00e3o do servi\u00e7o \u2013 <\/b>Utilizamos dados na comunica\u00e7\u00e3o para apresenta\u00e7\u00e3o de or\u00e7amentos e propostas criativas, informa\u00e7\u00e3o sobre subscri\u00e7\u00f5es, renova\u00e7\u00f5es ou cancelamentos, envio de faturas, nomeadamente atrav\u00e9s de endere\u00e7o de correio eletr\u00f3nico ou endere\u00e7o postal. Gest\u00e3o de contactos, cobran\u00e7as e fatura\u00e7\u00e3o<\/p><p class=\"p1\"><b>\u2013 Marketing e Vendas \u2013 <\/b>divulga\u00e7\u00e3o dos nossos produtos, an\u00e1lise dos perfis de consumo, desenvolvimentos de novos produtos, envio de newsletters<\/p><p class=\"p1\"><b>\u2013 Gest\u00e3o contabil\u00edstica, fiscal e financeira \u2013 <\/b>contabilidade, fatura\u00e7\u00e3o, informa\u00e7\u00e3o fiscal<\/p><p class=\"p1\"><b>Per\u00edodo de conserva\u00e7\u00e3o dos dados pessoais<\/b><\/p><p class=\"p1\">A White Impact Lda conservar\u00e1 os seus dados pessoais pelo per\u00edodo necess\u00e1rio \u00e0 presta\u00e7\u00e3o dos servi\u00e7os, respetiva fatura\u00e7\u00e3o e cumprimento das obriga\u00e7\u00f5es legais<\/p><p class=\"p1\">Sempre que n\u00e3o exista uma obriga\u00e7\u00e3o legal espec\u00edfica, os dados pessoais s\u00e3o tratados pela White Impact Lda apenas pelo per\u00edodo necess\u00e1rio para a realiza\u00e7\u00e3o da finalidade definida<\/p><p class=\"p1\"><b>Medidas de Seguran\u00e7a<\/b><\/p><p class=\"p1\">A White Impact Lda compromete-se a adotar as medidas de seguran\u00e7a necess\u00e1rias para garantir a salvaguarda dos dados pessoais dos utilizadores contra a sua eventual utiliza\u00e7\u00e3o abusiva ou contra o acesso n\u00e3o autorizado.<\/p><p class=\"p1\">Para o efeito, temos implementadas medidas organizativas e de seguran\u00e7a adequadas, necess\u00e1rias e suficientes para proteger os seus dados pessoais contra a destrui\u00e7\u00e3o, a perda, a altera\u00e7\u00e3o, a difus\u00e3o, o acesso n\u00e3o autorizado ou qualquer outra forma de tratamento acidental ou il\u00edcito.<\/p><p class=\"p1\">Nomeadamente;<\/p><p class=\"p1\">\u2013 Pol\u00edtica rigorosa sobre os acessos a sistemas e \u00e0 informa\u00e7\u00e3o<\/p><p class=\"p1\">\u2013 Transfer\u00eancia e armazenamento de dados pessoais apenas de forma encriptada<\/p><p class=\"p1\">\u2013 Prote\u00e7\u00e3o dos sistemas de tecnologias de informa\u00e7\u00e3o atrav\u00e9s de firewalls, tendo em vista impedir o acesso n\u00e3o autorizado aos seus dados pessoais<\/p><p class=\"p1\">\u2013 Monitoriza\u00e7\u00e3o permanente dos acessos aos sistemas de tecnologias da informa\u00e7\u00e3o tendo em vista prevenir, detetar e impedir o uso indevido dos seus dados pessoais.<\/p><p class=\"p1\">\u2013 Acordos de Confidencialidade com todos os seus colaboradores, no \u00e2mbito da rela\u00e7\u00e3o laboral com a White Impact Lda, estando estes consciencializados da import\u00e2ncia do cumprimento legal de sigilo e cumprimento das regras de confidencialidade<\/p><p class=\"p1\">Alerta-se, no entanto, que, embora a White Impact Lda envide os esfor\u00e7os para proteger as informa\u00e7\u00f5es do Cliente, nenhum Website, transmiss\u00e3o via Internet, sistema inform\u00e1tico ou liga\u00e7\u00e3o sem fios \u00e9 completamente segura.<\/p><p class=\"p1\"><b>Direitos dos Titulares dos Dados<\/b><\/p><p class=\"p1\">Nos termos da legisla\u00e7\u00e3o em vigor, \u00e9 garantido ao titular dos dados: o direito de acesso, atualiza\u00e7\u00e3o, retifica\u00e7\u00e3o ou elimina\u00e7\u00e3o dos seus dados pessoais, em qualquer altura, bem como o direito de oposi\u00e7\u00e3o \u00e0 utiliza\u00e7\u00e3o dos dados facultados para fins de marketing.<\/p><p class=\"p1\">Para o exerc\u00edcio dos seus direitos, poder\u00e1 contactar-nos:<\/p><p class=\"p2\"><span class=\"s3\">Por E-mail: <\/span><b>info@algarveweddingplanners.com<\/b><\/p><p class=\"p1\">Via Postal: Rua da Antiga Escola, S\u00edtio das Benfarras 8100-068 Boliqueime<\/p><p class=\"p1\">Caso exer\u00e7a algum destes direitos iremos proceder \u00e0 sua an\u00e1lise e responderemos oportunamente<\/p><p class=\"p1\"><b>Pol\u00edtica de cookies<\/b><\/p><p class=\"p1\">Utilizamos cookies para analisar o comportamento do cliente, administrar o site e recolher informa\u00e7\u00f5es sobre os utilizadores, com o intuito de personalizar e aprimorar a sua experi\u00eancia connosco.Um cookie \u00e9 um pequeno ficheiro de texto armazenado no seu computador ou dispositivos m\u00f3veis. Os cookies armazenam informa\u00e7\u00f5es que s\u00e3o usadas para ajudar a fazer com que os sites funcionem. S\u00f3 podemos aceder aos cookies criados pelo nosso site. Pode controlar os seus cookies ao n\u00edvel do navegador. Ao desativar os cookies, pode impedir o uso de determinadas fun\u00e7\u00f5es.<\/p><p class=\"p1\">Usamos cookies para os seguintes fins:<\/p><p class=\"p1\"><span class=\"s1\">\u2022<\/span> <b>Cookies necess\u00e1rios<\/b>\u2013 s\u00e3o necess\u00e1rios para que possa usar alguns recursos importantes no nosso site, como o login. Esses cookies n\u00e3o recolhem nenhuma informa\u00e7\u00e3o pessoal.<\/p><p class=\"p1\"><span class=\"s1\">\u2022<\/span> <b>Cookies de funcionalidade<\/b>\u2013 fornecem funcionalidade que torna o uso do nosso servi\u00e7o mais conveniente. Por exemplo, eles podem lembrar o seu nome e e-mail em formul\u00e1rios.<\/p><p class=\"p1\"><span class=\"s1\">\u2022<\/span> <b>Cookies anal\u00edticos<\/b>\u2013 s\u00e3o utilizados para monitorizar o uso e o desempenho do nosso site e servi\u00e7os.<\/p><p class=\"p1\"><span class=\"s1\">\u2022<\/span> <b>Cookies de publicidade<\/b>\u2013 s\u00e3o utilizados para fornecer an\u00fancios relevantes de acordo com as suas prefer\u00eancias.<\/p><p class=\"p1\"><span class=\"s1\">\u2022<\/span> <b>Cookies de sess\u00e3o<\/b>\u2013 S\u00e3o tempor\u00e1rios, permanecem nos cookies do seu navegador de internet (browser) at\u00e9 sair do site. A informa\u00e7\u00e3o obtida permite identificar problemas e fornecer uma melhor experi\u00eancia de navega\u00e7\u00e3o.<\/p><p class=\"p1\">As nossas newsletters podem, para fins estat\u00edsticos, conter um \u00fanico \u201cpixel\u201d que nos permite saber se s\u00e3o abertas e verificar os cliques atrav\u00e9s de links ou an\u00fancios dentro da newsletter. O utilizador tem sempre a possibilidade de desativar o envio da newsletter selecionando o campo \u201cunsubscribe\u201d removendo a sua subscri\u00e7\u00e3o.<\/p><p class=\"p1\">Usamos o Google Analytics para medir o tr\u00e1fego no nosso site. O Google tem sua pr\u00f3pria Pol\u00edtica de Privacidade. Se n\u00e3o pretender que as suas visitas a s\u00edtios Web sejam detetadas pelo Google Analytics, aceda a:<\/p><p class=\"p2\"><a href=\"http:\/\/tools.google.com\/dlpage\/gaoptout\" target=\"_blank\" rel=\"noopener\">http:\/\/tools.google.com\/dlpage\/gaoptout<\/a><\/p><p class=\"p1\"><b>Plug-ins de Redes Sociais<\/b><\/p><p class=\"p1\">Quando o Cliente utiliza um Servi\u00e7o que cont\u00e9m Plug-ins, as informa\u00e7\u00f5es podem ser diretamente transferidas do seu dispositivo para o operador da rede social. A White Impact Lda n\u00e3o tem qualquer influ\u00eancia sobre os dados recolhidos pelo Plug-in. Se o Cliente tiver sess\u00e3o iniciada na rede social, a respetiva utiliza\u00e7\u00e3o do Servi\u00e7o da White Impact Lda pode ser referenciada atrav\u00e9s da conta da rede social. Se o Cliente interagir com os Plug-ins, por exemplo, ao clicar em \u201cGosto\u201d, \u201cSeguir\u201d ou \u201cPartilhar\u201d, ou introduzir um coment\u00e1rio, as informa\u00e7\u00f5es poder\u00e3o ser automaticamente apresentadas no respetivo perfil da rede social.<\/p><p class=\"p1\">Mesmo que o Cliente n\u00e3o tenha sess\u00e3o iniciada na conta da rede social, os Plug-ins poder\u00e3o transmitir o respetivo endere\u00e7o IP aos operadores da rede social. Tenha estes factos em aten\u00e7\u00e3o quando utilizar os Servi\u00e7os da White Impact Lda<\/p><p class=\"p1\">Para obter informa\u00e7\u00f5es sobre os operadores da rede social dos Plug-ins utilizados nos nossos Servi\u00e7os (\u201cOperadores\u201d), consulte o seguinte:<\/p><p class=\"p1\"><b>Operadores de Plug-ins utilizados<\/b><\/p><p class=\"p1\">Se o Cliente for membro de uma ou mais das seguintes redes sociais e n\u00e3o pretender que o Operador associe os dados relativos \u00e0 utiliza\u00e7\u00e3o, por parte do Cliente, dos Servi\u00e7os dados de membro j\u00e1 armazenados pelo Operador, termine sess\u00e3o na rede antes de utilizar os Servi\u00e7os da White Impact Lda.<\/p><p class=\"p1\"><b>Facebook<\/b><\/p><p class=\"p1\">Respons\u00e1vel pelo tratamento dos dados: Facebook Ireland Limited, Hanover Reach, 5-7 Hanover Quay, 2 Dublin, Ireland (\u201cFacebook\u201d). Para obter mais informa\u00e7\u00f5es, visite o Websiteda pol\u00edtica de privacidade do Facebook dispon\u00edvel em <span class=\"s3\">\u201c<\/span><a href=\"https:\/\/www.facebook.com\/about\/privacy\/\" target=\"_blank\" rel=\"noopener\">https:\/\/www.facebook.com\/about\/privacy\/<\/a><span class=\"s3\">\u201d.<\/span><\/p><p class=\"p1\"><b>Google+<\/b><\/p><p class=\"p1\">Respons\u00e1vel pelo tratamento de dados: Google Inc., Amphitheatre Parkway, Mountain View, CA 94043, USA (\u201cGoogle\u201d). Para obter mais informa\u00e7\u00f5es, pode visitar o Website da pol\u00edtica de privacidade da Google dispon\u00edvel em \u201c<a href=\"https:\/\/www.google.com\/privacy\" target=\"_blank\" rel=\"noopener\"><span class=\"s4\">https:\/\/www.google.com\/privacy<\/span><\/a>\u201d.<\/p><p class=\"p1\"><b>Altera\u00e7\u00f5es \u00e0 Pol\u00edtica de privacidade<\/b><\/p><p class=\"p1\">A White Impact Lda reserva-se ao direito de, a qualquer momento, atualizar ou rever a presente Pol\u00edtica de Privacidade a fim de a ajustar a eventuais altera\u00e7\u00f5es legislativas e\/ou outros condicionalismos. Qualquer altera\u00e7\u00e3o efetuada ser\u00e1 publicada neste espa\u00e7o, pelo que o utilizador dever\u00e1 visitar frequentemente esta \u00e1rea no sentido de se manter informado sobre a Pol\u00edtica de Privacidade em vigor.<\/p>\t\t\t\t\t\t\t\t<\/div>\n\t\t\t\t<\/div>\n\t\t\t\t\t<\/div>\n\t\t\t\t<\/div>\n\t\t\t\t<\/div>\n\t\t","protected":false},"excerpt":{"rendered":"<p>Pol\u00edtica de Privacidade O Compromisso A White Impact Lda tem como compromisso o respeito pela privacidade dos utilizadores e a<\/p>\n","protected":false},"author":1,"featured_media":0,"parent":0,"menu_order":0,"comment_status":"closed","ping_status":"closed","template":"","meta":{"_joinchat":[],"footnotes":""},"class_list":["post-2434","page","type-page","status-publish","hentry"],"yoast_head":"<!-- This site is optimized with the Yoast SEO plugin v27.5 - https:\/\/yoast.com\/product\/yoast-seo-wordpress\/ -->\n<title>Pol\u00edtica de Privacidade - Algarve Wedding Planners<\/title>\n<meta name=\"description\" content=\"Need some inspiration for your wedding ceremony? Visit our gallery and see how we can help with your wedding!\" \/>\n<meta name=\"robots\" content=\"index, follow, max-snippet:-1, max-image-preview:large, max-video-preview:-1\" \/>\n<link rel=\"canonical\" href=\"https:\/\/algarveweddingplanners.com\/pt-pt\/privacy-policy-2\/\" \/>\n<meta property=\"og:locale\" content=\"pt_PT\" \/>\n<meta property=\"og:type\" content=\"article\" \/>\n<meta property=\"og:title\" content=\"Pol\u00edtica de Privacidade - Algarve Wedding Planners\" \/>\n<meta property=\"og:description\" content=\"Need some inspiration for your wedding ceremony? Visit our gallery and see how we can help with your wedding!\" \/>\n<meta property=\"og:url\" content=\"https:\/\/algarveweddingplanners.com\/pt-pt\/privacy-policy-2\/\" \/>\n<meta property=\"og:site_name\" content=\"Algarve Wedding Planners\" \/>\n<meta property=\"article:modified_time\" content=\"2025-06-06T17:47:13+00:00\" \/>\n<meta name=\"twitter:card\" content=\"summary_large_image\" \/>\n<meta name=\"twitter:label1\" content=\"Tempo estimado de leitura\" \/>\n\t<meta name=\"twitter:data1\" content=\"9 minutos\" \/>\n<script type=\"application\/ld+json\" class=\"yoast-schema-graph\">{\"@context\":\"https:\\\/\\\/schema.org\",\"@graph\":[{\"@type\":\"WebPage\",\"@id\":\"https:\\\/\\\/algarveweddingplanners.com\\\/pt-pt\\\/privacy-policy-2\\\/\",\"url\":\"https:\\\/\\\/algarveweddingplanners.com\\\/pt-pt\\\/privacy-policy-2\\\/\",\"name\":\"Pol\u00edtica de Privacidade - Algarve Wedding Planners\",\"isPartOf\":{\"@id\":\"https:\\\/\\\/algarveweddingplanners.com\\\/#website\"},\"datePublished\":\"2025-06-04T17:24:00+00:00\",\"dateModified\":\"2025-06-06T17:47:13+00:00\",\"description\":\"Need some inspiration for your wedding ceremony? Visit our gallery and see how we can help with your wedding!\",\"breadcrumb\":{\"@id\":\"https:\\\/\\\/algarveweddingplanners.com\\\/pt-pt\\\/privacy-policy-2\\\/#breadcrumb\"},\"inLanguage\":\"pt-PT\",\"potentialAction\":[{\"@type\":\"ReadAction\",\"target\":[\"https:\\\/\\\/algarveweddingplanners.com\\\/pt-pt\\\/privacy-policy-2\\\/\"]}]},{\"@type\":\"BreadcrumbList\",\"@id\":\"https:\\\/\\\/algarveweddingplanners.com\\\/pt-pt\\\/privacy-policy-2\\\/#breadcrumb\",\"itemListElement\":[{\"@type\":\"ListItem\",\"position\":1,\"name\":\"Home\",\"item\":\"https:\\\/\\\/algarveweddingplanners.com\\\/pt-pt\\\/\"},{\"@type\":\"ListItem\",\"position\":2,\"name\":\"Pol\u00edtica de Privacidade\"}]},{\"@type\":\"WebSite\",\"@id\":\"https:\\\/\\\/algarveweddingplanners.com\\\/#website\",\"url\":\"https:\\\/\\\/algarveweddingplanners.com\\\/\",\"name\":\"Algarve Wedding Planners\",\"description\":\"White Impact Group\",\"potentialAction\":[{\"@type\":\"SearchAction\",\"target\":{\"@type\":\"EntryPoint\",\"urlTemplate\":\"https:\\\/\\\/algarveweddingplanners.com\\\/?s={search_term_string}\"},\"query-input\":{\"@type\":\"PropertyValueSpecification\",\"valueRequired\":true,\"valueName\":\"search_term_string\"}}],\"inLanguage\":\"pt-PT\"}]}<\/script>\n<!-- \/ Yoast SEO plugin. -->","yoast_head_json":{"title":"Pol\u00edtica de Privacidade - Algarve Wedding Planners","description":"Need some inspiration for your wedding ceremony? Visit our gallery and see how we can help with your wedding!","robots":{"index":"index","follow":"follow","max-snippet":"max-snippet:-1","max-image-preview":"max-image-preview:large","max-video-preview":"max-video-preview:-1"},"canonical":"https:\/\/algarveweddingplanners.com\/pt-pt\/privacy-policy-2\/","og_locale":"pt_PT","og_type":"article","og_title":"Pol\u00edtica de Privacidade - Algarve Wedding Planners","og_description":"Need some inspiration for your wedding ceremony? Visit our gallery and see how we can help with your wedding!","og_url":"https:\/\/algarveweddingplanners.com\/pt-pt\/privacy-policy-2\/","og_site_name":"Algarve Wedding Planners","article_modified_time":"2025-06-06T17:47:13+00:00","twitter_card":"summary_large_image","twitter_misc":{"Tempo estimado de leitura":"9 minutos"},"schema":{"@context":"https:\/\/schema.org","@graph":[{"@type":"WebPage","@id":"https:\/\/algarveweddingplanners.com\/pt-pt\/privacy-policy-2\/","url":"https:\/\/algarveweddingplanners.com\/pt-pt\/privacy-policy-2\/","name":"Pol\u00edtica de Privacidade - Algarve Wedding Planners","isPartOf":{"@id":"https:\/\/algarveweddingplanners.com\/#website"},"datePublished":"2025-06-04T17:24:00+00:00","dateModified":"2025-06-06T17:47:13+00:00","description":"Need some inspiration for your wedding ceremony? Visit our gallery and see how we can help with your wedding!","breadcrumb":{"@id":"https:\/\/algarveweddingplanners.com\/pt-pt\/privacy-policy-2\/#breadcrumb"},"inLanguage":"pt-PT","potentialAction":[{"@type":"ReadAction","target":["https:\/\/algarveweddingplanners.com\/pt-pt\/privacy-policy-2\/"]}]},{"@type":"BreadcrumbList","@id":"https:\/\/algarveweddingplanners.com\/pt-pt\/privacy-policy-2\/#breadcrumb","itemListElement":[{"@type":"ListItem","position":1,"name":"Home","item":"https:\/\/algarveweddingplanners.com\/pt-pt\/"},{"@type":"ListItem","position":2,"name":"Pol\u00edtica de Privacidade"}]},{"@type":"WebSite","@id":"https:\/\/algarveweddingplanners.com\/#website","url":"https:\/\/algarveweddingplanners.com\/","name":"Algarve Wedding Planners","description":"White Impact Group","potentialAction":[{"@type":"SearchAction","target":{"@type":"EntryPoint","urlTemplate":"https:\/\/algarveweddingplanners.com\/?s={search_term_string}"},"query-input":{"@type":"PropertyValueSpecification","valueRequired":true,"valueName":"search_term_string"}}],"inLanguage":"pt-PT"}]}},"_links":{"self":[{"href":"https:\/\/algarveweddingplanners.com\/pt-pt\/wp-json\/wp\/v2\/pages\/2434","targetHints":{"allow":["GET"]}}],"collection":[{"href":"https:\/\/algarveweddingplanners.com\/pt-pt\/wp-json\/wp\/v2\/pages"}],"about":[{"href":"https:\/\/algarveweddingplanners.com\/pt-pt\/wp-json\/wp\/v2\/types\/page"}],"author":[{"embeddable":true,"href":"https:\/\/algarveweddingplanners.com\/pt-pt\/wp-json\/wp\/v2\/users\/1"}],"replies":[{"embeddable":true,"href":"https:\/\/algarveweddingplanners.com\/pt-pt\/wp-json\/wp\/v2\/comments?post=2434"}],"version-history":[{"count":4,"href":"https:\/\/algarveweddingplanners.com\/pt-pt\/wp-json\/wp\/v2\/pages\/2434\/revisions"}],"predecessor-version":[{"id":2438,"href":"https:\/\/algarveweddingplanners.com\/pt-pt\/wp-json\/wp\/v2\/pages\/2434\/revisions\/2438"}],"wp:attachment":[{"href":"https:\/\/algarveweddingplanners.com\/pt-pt\/wp-json\/wp\/v2\/media?parent=2434"}],"curies":[{"name":"wp","href":"https:\/\/api.w.org\/{rel}","templated":true}]}}