{"id":2449,"date":"2025-06-06T17:54:08","date_gmt":"2025-06-06T17:54:08","guid":{"rendered":"https:\/\/algarveweddingplanners.com\/terms-of-use\/"},"modified":"2025-06-06T18:04:15","modified_gmt":"2025-06-06T18:04:15","slug":"terms-of-use","status":"publish","type":"page","link":"https:\/\/algarveweddingplanners.com\/pt-pt\/terms-of-use\/","title":{"rendered":"Termos de uso"},"content":{"rendered":"\t\t<div data-elementor-type=\"wp-page\" data-elementor-id=\"2449\" class=\"elementor elementor-2449 elementor-2439\">\n\t\t\t\t<div class=\"elementor-element elementor-element-eb89b33 e-flex e-con-boxed e-con e-parent\" data-id=\"eb89b33\" data-element_type=\"container\" data-e-type=\"container\">\n\t\t\t\t\t<div class=\"e-con-inner\">\n\t\t\t\t<div class=\"elementor-element elementor-element-c354656 elementor-widget elementor-widget-heading\" data-id=\"c354656\" data-element_type=\"widget\" data-e-type=\"widget\" data-widget_type=\"heading.default\">\n\t\t\t\t<div class=\"elementor-widget-container\">\n\t\t\t\t\t<h2 class=\"elementor-heading-title elementor-size-default\">Termos de uso<\/h2>\t\t\t\t<\/div>\n\t\t\t\t<\/div>\n\t\t\t\t\t<\/div>\n\t\t\t\t<\/div>\n\t\t<div class=\"wd-negative-gap elementor-element elementor-element-0025bc9 e-flex e-con-boxed e-con e-parent\" data-id=\"0025bc9\" data-element_type=\"container\" data-e-type=\"container\" id=\"gallery\">\n\t\t\t\t\t<div class=\"e-con-inner\">\n\t\t\t\t<div class=\"elementor-element elementor-element-9769e21 color-scheme-inherit text-left elementor-widget elementor-widget-text-editor\" data-id=\"9769e21\" data-element_type=\"widget\" data-e-type=\"widget\" data-widget_type=\"text-editor.default\">\n\t\t\t\t<div class=\"elementor-widget-container\">\n\t\t\t\t\t\t\t\t\t<p data-start=\"4403\" data-end=\"8947\">\u00a0O site com o nome de dom\u00ednio algarveweddingplanners.com, incluindo todas as subp\u00e1ginas, \u00e9 gerido e operado pela empresa White Impact Lda. Todos os elementos existentes neste site, designadamente texto, imagens, gr\u00e1ficos, ficheiros, layout, estrutura, entre outros, encontram-se protegidos pelas disposi\u00e7\u00f5es legais relativas \u00e0 propriedade intelectual e, em especial, pelo \u00e2mbito de prote\u00e7\u00e3o dos Direitos de Autor. Os referidos elementos (que compreendem quaisquer marcas, registadas, livres, not\u00f3rias ou de grande prest\u00edgio, modelos, sinais, ins\u00edgnias, design, nomes de produtos, de estabelecimento e de servi\u00e7os, firmas, log\u00f3tipos, sinais distintivos de com\u00e9rcio ou relativos aos regimes jur\u00eddicos da propriedade industrial exibidos ou utilizados no site) n\u00e3o poder\u00e3o ser assim copiados para uso comercial ou para distribui\u00e7\u00e3o, nem ser modificados ou reenviados para outros sites. Este site poder\u00e1 tamb\u00e9m conter imagens que constituem propriedade intelectual de terceiros, estando estes, igualmente, sujeitos \u00e0s disposi\u00e7\u00f5es legais aplic\u00e1veis \u00e0 protec\u00e7\u00e3o de direitos de autor e de propriedade intelectual.<\/p><p data-start=\"4403\" data-end=\"8947\">A introdu\u00e7\u00e3o, altera\u00e7\u00e3o ou supress\u00e3o da informa\u00e7\u00e3o disponibilizada no site, feita pelo utilizador e sem o devido consentimento da White Impact Lda, assim como, designadamente, a interfer\u00eancia no sistema inform\u00e1tico que lhe serve de suporte de forma a entravar ou perturbar o seu funcionamento e, em geral, todos os comportamentos que consubstanciem a pr\u00e1tica de crimes ligados \u00e0 inform\u00e1tica s\u00e3o proibidos e pun\u00edveis nos termos da lei, pelo que a empresa White Impact Lda diligenciar\u00e1 para que o infrator seja civil e\/ou criminalmente punido.<\/p><p data-start=\"4403\" data-end=\"8947\">Todos os conte\u00fados e funcionalidades constantes do portal s\u00e3o disponibilizadas no estado em que se encontram (\u201cas is\u201d), n\u00e3o constituindo as informa\u00e7\u00f5es nele contidas um conselho ou recomenda\u00e7\u00e3o, nem estabelecem qualquer rela\u00e7\u00e3o contratual de responsabiliza\u00e7\u00e3o. A empresa White Impact Lda n\u00e3o poder\u00e1 ser responsabilizada no que respeita \u00e0 completa exatid\u00e3o e atualidade de qualquer informa\u00e7\u00e3o constante do site, salvo quando tenha atuado com dolo ou neglig\u00eancia grave.<\/p><p data-start=\"4403\" data-end=\"8947\">Sem preju\u00edzo do disposto em qualquer Pol\u00edtica de Privacidade, outro tipo de documento ou mera nota expressamente disponibilizada para o efeito neste portal, quaisquer dados, coment\u00e1rios, sugest\u00f5es, informa\u00e7\u00e3o ou conte\u00fado, transmitidos pelo utilizador ou enviados para o site, atrav\u00e9s de correio eletr\u00f3nico, formul\u00e1rio ou por qualquer outro meio, ser\u00e3o considerados de uso privado e para fins de utiliza\u00e7\u00e3o exclusiva da empresa White Impact Lda ou entidade por esta designada. Este site cont\u00e9m links para sites operados por entidades terceiras. Desta forma, a empresa White Impact Lda n\u00e3o se responsabiliza nomeadamente pela qualidade, veracidade ou atualiza\u00e7\u00e3o das afirma\u00e7\u00f5es reproduzidas nos web-sites para onde remetem as liga\u00e7\u00f5es de hipertexto, tamb\u00e9m denominadas \u201chyperlinks\u201d ou \u201clinks\u201d presentes neste portal, dado n\u00e3o exercer qualquer controlo sobre os mesmos.<\/p><p data-start=\"4403\" data-end=\"8947\">Toda a legisla\u00e7\u00e3o eventualmente disponibilizada neste site n\u00e3o dispensa a consulta do Di\u00e1rio da Rep\u00fablica, onde o diploma legal em quest\u00e3o tenha sido devidamente publicado. A disponibiliza\u00e7\u00e3o de dados pessoais neste site \u00e9 de car\u00e1cter facultativo, destinando-se os mesmos a instruir a Base de Dados de leitores da newsletter White Impact Lda ou outra cujos fins expressamente se indiquem. O tratamento dos referidos dados \u00e9 confidencial e da responsabilidade da empresa White Impact Lda. O titular tem o direito de acesso e de retifica\u00e7\u00e3o dos seus dados pessoais podendo exerc\u00ea-lo, pessoalmente ou por escrito, junto da morada desta institui\u00e7\u00e3o devidamente identificada no portal, em qualquer altura e sem qualquer encargo, nos termos do previsto na Lei n.\u00ba 67\/98, de 26 de Outubro.<\/p><p data-start=\"4403\" data-end=\"8947\">A empresa White Impact Lda reserva o direito de impedir, de condicionar o acesso ou alterar as condi\u00e7\u00f5es do mesmo por parte de algum utilizador. A altera\u00e7\u00e3o dos presentes Avisos Legais ou mesmo, em \u00faltima inst\u00e2ncia, as remo\u00e7\u00f5es deste site podem ser efetuadas a todo o tempo e produzem efeitos imediatos sem necessidade de comunica\u00e7\u00e3o pr\u00e9via aos utilizadores. Este portal foi criado e funciona em conformidade com a lei portuguesa. Qualquer lit\u00edgio emergente do mesmo ser\u00e1 regulado pela lei portuguesa, considerando-se competente para o efeito o Tribunal de Comarca de Loul\u00e9, com exclus\u00e3o de qualquer outro. De acordo com a Lei n\u00ba 144\/2015 informamos que em caso de lit\u00edgio, o foro competente ser\u00e1 o Centro de Arbitragem de Consumo do Algarve Tribunal Arbitral.<\/p>\t\t\t\t\t\t\t\t<\/div>\n\t\t\t\t<\/div>\n\t\t\t\t\t<\/div>\n\t\t\t\t<\/div>\n\t\t\t\t<\/div>\n\t\t","protected":false},"excerpt":{"rendered":"<p>Termos de uso \u00a0O site com o nome de dom\u00ednio algarveweddingplanners.com, incluindo todas as subp\u00e1ginas, \u00e9 gerido e operado pela<\/p>\n","protected":false},"author":1,"featured_media":0,"parent":0,"menu_order":0,"comment_status":"closed","ping_status":"closed","template":"","meta":{"_joinchat":[],"footnotes":""},"class_list":["post-2449","page","type-page","status-publish","hentry"],"yoast_head":"<!-- This site is optimized with the Yoast SEO plugin v27.5 - https:\/\/yoast.com\/product\/yoast-seo-wordpress\/ -->\n<title>Termos de uso - Algarve Wedding Planners<\/title>\n<meta name=\"description\" content=\"Need some inspiration for your wedding ceremony? Visit our gallery and see how we can help with your wedding!\" \/>\n<meta name=\"robots\" content=\"index, follow, max-snippet:-1, max-image-preview:large, max-video-preview:-1\" \/>\n<link rel=\"canonical\" href=\"https:\/\/algarveweddingplanners.com\/pt-pt\/terms-of-use\/\" \/>\n<meta property=\"og:locale\" content=\"pt_PT\" \/>\n<meta property=\"og:type\" content=\"article\" \/>\n<meta property=\"og:title\" content=\"Termos de uso - Algarve Wedding Planners\" \/>\n<meta property=\"og:description\" content=\"Need some inspiration for your wedding ceremony? Visit our gallery and see how we can help with your wedding!\" \/>\n<meta property=\"og:url\" content=\"https:\/\/algarveweddingplanners.com\/pt-pt\/terms-of-use\/\" \/>\n<meta property=\"og:site_name\" content=\"Algarve Wedding Planners\" \/>\n<meta property=\"article:modified_time\" content=\"2025-06-06T18:04:15+00:00\" \/>\n<meta name=\"twitter:card\" content=\"summary_large_image\" \/>\n<meta name=\"twitter:label1\" content=\"Tempo estimado de leitura\" \/>\n\t<meta name=\"twitter:data1\" content=\"4 minutos\" \/>\n<script type=\"application\/ld+json\" class=\"yoast-schema-graph\">{\"@context\":\"https:\\\/\\\/schema.org\",\"@graph\":[{\"@type\":\"WebPage\",\"@id\":\"https:\\\/\\\/algarveweddingplanners.com\\\/pt-pt\\\/terms-of-use\\\/\",\"url\":\"https:\\\/\\\/algarveweddingplanners.com\\\/pt-pt\\\/terms-of-use\\\/\",\"name\":\"Termos de uso - Algarve Wedding Planners\",\"isPartOf\":{\"@id\":\"https:\\\/\\\/algarveweddingplanners.com\\\/#website\"},\"datePublished\":\"2025-06-06T17:54:08+00:00\",\"dateModified\":\"2025-06-06T18:04:15+00:00\",\"description\":\"Need some inspiration for your wedding ceremony? Visit our gallery and see how we can help with your wedding!\",\"breadcrumb\":{\"@id\":\"https:\\\/\\\/algarveweddingplanners.com\\\/pt-pt\\\/terms-of-use\\\/#breadcrumb\"},\"inLanguage\":\"pt-PT\",\"potentialAction\":[{\"@type\":\"ReadAction\",\"target\":[\"https:\\\/\\\/algarveweddingplanners.com\\\/pt-pt\\\/terms-of-use\\\/\"]}]},{\"@type\":\"BreadcrumbList\",\"@id\":\"https:\\\/\\\/algarveweddingplanners.com\\\/pt-pt\\\/terms-of-use\\\/#breadcrumb\",\"itemListElement\":[{\"@type\":\"ListItem\",\"position\":1,\"name\":\"Home\",\"item\":\"https:\\\/\\\/algarveweddingplanners.com\\\/pt-pt\\\/\"},{\"@type\":\"ListItem\",\"position\":2,\"name\":\"Termos de uso\"}]},{\"@type\":\"WebSite\",\"@id\":\"https:\\\/\\\/algarveweddingplanners.com\\\/#website\",\"url\":\"https:\\\/\\\/algarveweddingplanners.com\\\/\",\"name\":\"Algarve Wedding Planners\",\"description\":\"White Impact Group\",\"potentialAction\":[{\"@type\":\"SearchAction\",\"target\":{\"@type\":\"EntryPoint\",\"urlTemplate\":\"https:\\\/\\\/algarveweddingplanners.com\\\/?s={search_term_string}\"},\"query-input\":{\"@type\":\"PropertyValueSpecification\",\"valueRequired\":true,\"valueName\":\"search_term_string\"}}],\"inLanguage\":\"pt-PT\"}]}<\/script>\n<!-- \/ Yoast SEO plugin. -->","yoast_head_json":{"title":"Termos de uso - Algarve Wedding Planners","description":"Need some inspiration for your wedding ceremony? Visit our gallery and see how we can help with your wedding!","robots":{"index":"index","follow":"follow","max-snippet":"max-snippet:-1","max-image-preview":"max-image-preview:large","max-video-preview":"max-video-preview:-1"},"canonical":"https:\/\/algarveweddingplanners.com\/pt-pt\/terms-of-use\/","og_locale":"pt_PT","og_type":"article","og_title":"Termos de uso - Algarve Wedding Planners","og_description":"Need some inspiration for your wedding ceremony? Visit our gallery and see how we can help with your wedding!","og_url":"https:\/\/algarveweddingplanners.com\/pt-pt\/terms-of-use\/","og_site_name":"Algarve Wedding Planners","article_modified_time":"2025-06-06T18:04:15+00:00","twitter_card":"summary_large_image","twitter_misc":{"Tempo estimado de leitura":"4 minutos"},"schema":{"@context":"https:\/\/schema.org","@graph":[{"@type":"WebPage","@id":"https:\/\/algarveweddingplanners.com\/pt-pt\/terms-of-use\/","url":"https:\/\/algarveweddingplanners.com\/pt-pt\/terms-of-use\/","name":"Termos de uso - Algarve Wedding Planners","isPartOf":{"@id":"https:\/\/algarveweddingplanners.com\/#website"},"datePublished":"2025-06-06T17:54:08+00:00","dateModified":"2025-06-06T18:04:15+00:00","description":"Need some inspiration for your wedding ceremony? Visit our gallery and see how we can help with your wedding!","breadcrumb":{"@id":"https:\/\/algarveweddingplanners.com\/pt-pt\/terms-of-use\/#breadcrumb"},"inLanguage":"pt-PT","potentialAction":[{"@type":"ReadAction","target":["https:\/\/algarveweddingplanners.com\/pt-pt\/terms-of-use\/"]}]},{"@type":"BreadcrumbList","@id":"https:\/\/algarveweddingplanners.com\/pt-pt\/terms-of-use\/#breadcrumb","itemListElement":[{"@type":"ListItem","position":1,"name":"Home","item":"https:\/\/algarveweddingplanners.com\/pt-pt\/"},{"@type":"ListItem","position":2,"name":"Termos de uso"}]},{"@type":"WebSite","@id":"https:\/\/algarveweddingplanners.com\/#website","url":"https:\/\/algarveweddingplanners.com\/","name":"Algarve Wedding Planners","description":"White Impact Group","potentialAction":[{"@type":"SearchAction","target":{"@type":"EntryPoint","urlTemplate":"https:\/\/algarveweddingplanners.com\/?s={search_term_string}"},"query-input":{"@type":"PropertyValueSpecification","valueRequired":true,"valueName":"search_term_string"}}],"inLanguage":"pt-PT"}]}},"_links":{"self":[{"href":"https:\/\/algarveweddingplanners.com\/pt-pt\/wp-json\/wp\/v2\/pages\/2449","targetHints":{"allow":["GET"]}}],"collection":[{"href":"https:\/\/algarveweddingplanners.com\/pt-pt\/wp-json\/wp\/v2\/pages"}],"about":[{"href":"https:\/\/algarveweddingplanners.com\/pt-pt\/wp-json\/wp\/v2\/types\/page"}],"author":[{"embeddable":true,"href":"https:\/\/algarveweddingplanners.com\/pt-pt\/wp-json\/wp\/v2\/users\/1"}],"replies":[{"embeddable":true,"href":"https:\/\/algarveweddingplanners.com\/pt-pt\/wp-json\/wp\/v2\/comments?post=2449"}],"version-history":[{"count":4,"href":"https:\/\/algarveweddingplanners.com\/pt-pt\/wp-json\/wp\/v2\/pages\/2449\/revisions"}],"predecessor-version":[{"id":2453,"href":"https:\/\/algarveweddingplanners.com\/pt-pt\/wp-json\/wp\/v2\/pages\/2449\/revisions\/2453"}],"wp:attachment":[{"href":"https:\/\/algarveweddingplanners.com\/pt-pt\/wp-json\/wp\/v2\/media?parent=2449"}],"curies":[{"name":"wp","href":"https:\/\/api.w.org\/{rel}","templated":true}]}}