{"id":2459,"date":"2025-06-06T17:15:22","date_gmt":"2025-06-06T17:15:22","guid":{"rendered":"https:\/\/algarveweddingplanners.com\/cookies-policy\/"},"modified":"2025-06-06T18:16:57","modified_gmt":"2025-06-06T18:16:57","slug":"cookies-policy","status":"publish","type":"page","link":"https:\/\/algarveweddingplanners.com\/pt-pt\/cookies-policy\/","title":{"rendered":"Pol\u00edtica de Cookies"},"content":{"rendered":"\t\t<div data-elementor-type=\"wp-page\" data-elementor-id=\"2459\" class=\"elementor elementor-2459 elementor-2427\">\n\t\t\t\t<div class=\"elementor-element elementor-element-b3d0d56 e-flex e-con-boxed e-con e-parent\" data-id=\"b3d0d56\" data-element_type=\"container\" data-e-type=\"container\">\n\t\t\t\t\t<div class=\"e-con-inner\">\n\t\t\t\t<div class=\"elementor-element elementor-element-8948acd elementor-widget elementor-widget-heading\" data-id=\"8948acd\" data-element_type=\"widget\" data-e-type=\"widget\" data-widget_type=\"heading.default\">\n\t\t\t\t<div class=\"elementor-widget-container\">\n\t\t\t\t\t<h2 class=\"elementor-heading-title elementor-size-default\">Pol\u00edtica de Cookies<\/h2>\t\t\t\t<\/div>\n\t\t\t\t<\/div>\n\t\t\t\t\t<\/div>\n\t\t\t\t<\/div>\n\t\t<div class=\"wd-negative-gap elementor-element elementor-element-0c7d026 e-flex e-con-boxed e-con e-parent\" data-id=\"0c7d026\" data-element_type=\"container\" data-e-type=\"container\">\n\t\t\t\t\t<div class=\"e-con-inner\">\n\t\t\t\t<div class=\"elementor-element elementor-element-c2dc386 color-scheme-inherit text-left elementor-widget elementor-widget-text-editor\" data-id=\"c2dc386\" data-element_type=\"widget\" data-e-type=\"widget\" data-widget_type=\"text-editor.default\">\n\t\t\t\t<div class=\"elementor-widget-container\">\n\t\t\t\t\t\t\t\t\t<p class=\"p1\">Esta Pol\u00edtica de Cookies foi atualizada pela \u00faltima vez em Junho<span class=\"s1\">\u00a02025<\/span><span class=\"Apple-converted-space\">\u00a0 <\/span>e aplica-se ao website https:\/\/algarveweddingplanners.com\/\u00a0, doravante designado por \u201co site\u201d) que usa cookies e outras tecnologias relacionadas (por conveni\u00eancia todas as tecnologias s\u00e3o referidas como \u201ccookies\u201d), inseridos por terceiros que contratamos.<\/p><p class=\"p1\">No pontos a seguir informamos sobre o uso de cookies em nosso site.<\/p><p><strong>Informa\u00e7\u00f5es sobre os conceitos abrangidos na Pol\u00edtica de cookies<\/strong><\/p><p class=\"p1\">Cookies:<span class=\"Apple-converted-space\">\u00a0 <\/span>\u00e9 um arquivo pequeno e simples que \u00e9 enviado junto com p\u00e1ginas deste site e armazenado pelo seu browser no disco r\u00edgido do seu computador ou outro dispositivo. As informa\u00e7\u00f5es armazenadas podem ser enviadas de volta aos nossos servidores ou aos servidores dos terceiros relevantes durante uma visita subsequente.<\/p><p class=\"p1\">Scripts: \u00e9 uma parte de c\u00f3digo de programa usado para fazer o nosso site funcionar de forma adequada e interativa. Este c\u00f3digo \u00e9 executado no nosso servidor ou no seu dispositivo.<\/p><p class=\"p1\">Web beacon<span class=\"Apple-converted-space\">\u00a0 <\/span>(tag pixel):<span class=\"Apple-converted-space\">\u00a0 <\/span>um pequeno texto invis\u00edvel ou imagem num site que \u00e9 usado para monitorizar o tr\u00e1fego num site. Para fazer isso, v\u00e1rios dados sobre si s\u00e3o armazenados utilizando web beacons.<\/p><p><strong>Tipos de Cookies<\/strong><\/p><p class=\"p1\">Cookies Necess\u00e1rios (t\u00e9cnicos ou funcionais): garantem que certas partes do site funcionem corretamente e que suas prefer\u00eancias de utilizador permane\u00e7am conhecidas. Ao inserir cookies funcionais, facilitamos a visita ao nosso site. Dessa forma, n\u00e3o precisa inserir repetidamente as mesmas informa\u00e7\u00f5es ao visitar o nosso site. Podemos inserir esses cookies sem o seu consentimento.<\/p><p class=\"p1\">Cookies anal\u00edticos: s\u00e3o usado para otimizar a experi\u00eancia do site,<span class=\"Apple-converted-space\">\u00a0 <\/span>obtendo informa\u00e7\u00f5es sobre o uso de nosso site. Pedimos sua permiss\u00e3o para inserir este tipo de cookies.<\/p><p class=\"p1\">Cookies de prefer\u00eancia e de marketing: s\u00e3o cookies ou qualquer outra forma de armazenamento local, usados para criar perfis de usu\u00e1rio para exibir publicidade ou para rastrear o utilizador neste site ou em v\u00e1rios sites para fins semelhantes de marketing . Pedimos a sua permiss\u00e3o para inserir este tipo de cookies.<\/p><p><strong>Rede social<\/strong><\/p><p class=\"p1\">Podemos incluir no site<span class=\"Apple-converted-space\">\u00a0 <\/span>conte\u00fado de Facebook, Instagram e\/ou WhatsApp para promover p\u00e1ginas da web (por exemplo, \u201cgosto\u201d, \u201cpin\u201d) ou partilhar (por exemplo, \u201ctwittar\u201d) em redes sociais como Facebook, Instagram e WhatsApp. Este conte\u00fado \u00e9 incorporado com c\u00f3digo derivado de Facebook, Instagram e WhatsApp e coloca cookies. Esse conte\u00fado pode armazenar e processar determinadas informa\u00e7\u00f5es para publicidade personalizada.<\/p><p class=\"p1\">Por favor leia a declara\u00e7\u00e3o de privacidade dessas redes sociais (que podem mudar regularmente) para saber o que eles fazem com seus dados (pessoais) que eles processam usando esses cookies. Os dados recuperados s\u00e3o anonimizados tanto quanto poss\u00edvel. O Facebook, Instagram e WhatsApp est\u00e3o localizados nos Estados Unidos.<\/p><p><strong>Consentimento<\/strong><\/p><p class=\"p1\">Quando visitar o nosso site pela primeira vez, mostramos uma janela para autorizar o tipo de cookies que utilizamos no site.. Assim que clicar em \u201cGuardar prefer\u00eancias\u201d, autoriza-nos a usar as categorias de cookies e plugins selecionados na janela, conforme descrito nesta Pol\u00edtica de Cookies. Pode desativar o uso de cookies atrav\u00e9s do seu navegador, mas observe que o nosso site pode n\u00e3o funcionar corretamente.<\/p><p><strong>Pol\u00edtica de Privacidade e Prote\u00e7\u00e3o dos seus dados pessoas<\/strong><\/p><p class=\"p1\">Consulte no website a nossa\u00a0<a style=\"font-size: 14px; text-align: var(--text-align); background-color: var(--wd-main-bgcolor);\" href=\"https:\/\/algarveweddingplanners.com\/pt-pt\/privacy-policy-2\/\" target=\"_blank\" rel=\"noopener\">pol\u00edtica de privacidade<\/a><\/p><p><strong>Detalhes de contacto<\/strong><\/p><p class=\"p1\">Para perguntas e\/ou coment\u00e1rios sobre nossa Pol\u00edtica de Cookies e esta declara\u00e7\u00e3o, entre em contacto connosco usando os seguintes detalhes de contacto:<\/p><h4 class=\"company__name\">Algarve Dream Weddings &amp; Events, Unipessoal Lda<\/h4><p class=\"p3\">Endere\u00e7o: S\u00edtio das Marinhas, Lote 18, Armaz\u00e9m R\/C\u00a0<\/p><p class=\"p3\">C\u00f3digo-Postal: 8400-655 Parchal &#8211; Lagoa<\/p><p class=\"p3\">Pa\u00eds: Portugal<\/p><p class=\"p3\">N\u00famero Fiscal: 515246069<\/p><p class=\"p4\"><span class=\"s3\">Email: <a href=\"mailto:info@algarveweddingplanners.com\">info@algarveweddingplanners.com<\/a><\/span><\/p>\t\t\t\t\t\t\t\t<\/div>\n\t\t\t\t<\/div>\n\t\t\t\t\t<\/div>\n\t\t\t\t<\/div>\n\t\t\t\t<\/div>\n\t\t","protected":false},"excerpt":{"rendered":"<p>Pol\u00edtica de Cookies Esta Pol\u00edtica de Cookies foi atualizada pela \u00faltima vez em Junho\u00a02025\u00a0 e aplica-se ao website https:\/\/algarveweddingplanners.com\/\u00a0, doravante<\/p>\n","protected":false},"author":1,"featured_media":0,"parent":0,"menu_order":0,"comment_status":"closed","ping_status":"closed","template":"","meta":{"_joinchat":[],"footnotes":""},"class_list":["post-2459","page","type-page","status-publish","hentry"],"yoast_head":"<!-- This site is optimized with the Yoast SEO plugin v27.5 - https:\/\/yoast.com\/product\/yoast-seo-wordpress\/ -->\n<title>Pol\u00edtica de Cookies - Algarve Wedding Planners<\/title>\n<meta name=\"robots\" content=\"index, follow, max-snippet:-1, max-image-preview:large, max-video-preview:-1\" \/>\n<link rel=\"canonical\" href=\"https:\/\/algarveweddingplanners.com\/pt-pt\/cookies-policy\/\" \/>\n<meta property=\"og:locale\" content=\"pt_PT\" \/>\n<meta property=\"og:type\" content=\"article\" \/>\n<meta property=\"og:title\" content=\"Pol\u00edtica de Cookies - Algarve Wedding Planners\" \/>\n<meta property=\"og:description\" content=\"Pol\u00edtica de Cookies Esta Pol\u00edtica de Cookies foi atualizada pela \u00faltima vez em Junho\u00a02025\u00a0 e aplica-se ao website https:\/\/algarveweddingplanners.com\/\u00a0, doravante\" \/>\n<meta property=\"og:url\" content=\"https:\/\/algarveweddingplanners.com\/pt-pt\/cookies-policy\/\" \/>\n<meta property=\"og:site_name\" content=\"Algarve Wedding Planners\" \/>\n<meta property=\"article:modified_time\" content=\"2025-06-06T18:16:57+00:00\" \/>\n<meta name=\"twitter:card\" content=\"summary_large_image\" \/>\n<meta name=\"twitter:label1\" content=\"Tempo estimado de leitura\" \/>\n\t<meta name=\"twitter:data1\" content=\"4 minutos\" \/>\n<script type=\"application\/ld+json\" class=\"yoast-schema-graph\">{\"@context\":\"https:\\\/\\\/schema.org\",\"@graph\":[{\"@type\":\"WebPage\",\"@id\":\"https:\\\/\\\/algarveweddingplanners.com\\\/pt-pt\\\/cookies-policy\\\/\",\"url\":\"https:\\\/\\\/algarveweddingplanners.com\\\/pt-pt\\\/cookies-policy\\\/\",\"name\":\"Pol\u00edtica de Cookies - Algarve Wedding Planners\",\"isPartOf\":{\"@id\":\"https:\\\/\\\/algarveweddingplanners.com\\\/#website\"},\"datePublished\":\"2025-06-06T17:15:22+00:00\",\"dateModified\":\"2025-06-06T18:16:57+00:00\",\"breadcrumb\":{\"@id\":\"https:\\\/\\\/algarveweddingplanners.com\\\/pt-pt\\\/cookies-policy\\\/#breadcrumb\"},\"inLanguage\":\"pt-PT\",\"potentialAction\":[{\"@type\":\"ReadAction\",\"target\":[\"https:\\\/\\\/algarveweddingplanners.com\\\/pt-pt\\\/cookies-policy\\\/\"]}]},{\"@type\":\"BreadcrumbList\",\"@id\":\"https:\\\/\\\/algarveweddingplanners.com\\\/pt-pt\\\/cookies-policy\\\/#breadcrumb\",\"itemListElement\":[{\"@type\":\"ListItem\",\"position\":1,\"name\":\"Home\",\"item\":\"https:\\\/\\\/algarveweddingplanners.com\\\/pt-pt\\\/\"},{\"@type\":\"ListItem\",\"position\":2,\"name\":\"Pol\u00edtica de Cookies\"}]},{\"@type\":\"WebSite\",\"@id\":\"https:\\\/\\\/algarveweddingplanners.com\\\/#website\",\"url\":\"https:\\\/\\\/algarveweddingplanners.com\\\/\",\"name\":\"Algarve Wedding Planners\",\"description\":\"White Impact Group\",\"potentialAction\":[{\"@type\":\"SearchAction\",\"target\":{\"@type\":\"EntryPoint\",\"urlTemplate\":\"https:\\\/\\\/algarveweddingplanners.com\\\/?s={search_term_string}\"},\"query-input\":{\"@type\":\"PropertyValueSpecification\",\"valueRequired\":true,\"valueName\":\"search_term_string\"}}],\"inLanguage\":\"pt-PT\"}]}<\/script>\n<!-- \/ Yoast SEO plugin. -->","yoast_head_json":{"title":"Pol\u00edtica de Cookies - Algarve Wedding Planners","robots":{"index":"index","follow":"follow","max-snippet":"max-snippet:-1","max-image-preview":"max-image-preview:large","max-video-preview":"max-video-preview:-1"},"canonical":"https:\/\/algarveweddingplanners.com\/pt-pt\/cookies-policy\/","og_locale":"pt_PT","og_type":"article","og_title":"Pol\u00edtica de Cookies - Algarve Wedding Planners","og_description":"Pol\u00edtica de Cookies Esta Pol\u00edtica de Cookies foi atualizada pela \u00faltima vez em Junho\u00a02025\u00a0 e aplica-se ao website https:\/\/algarveweddingplanners.com\/\u00a0, doravante","og_url":"https:\/\/algarveweddingplanners.com\/pt-pt\/cookies-policy\/","og_site_name":"Algarve Wedding Planners","article_modified_time":"2025-06-06T18:16:57+00:00","twitter_card":"summary_large_image","twitter_misc":{"Tempo estimado de leitura":"4 minutos"},"schema":{"@context":"https:\/\/schema.org","@graph":[{"@type":"WebPage","@id":"https:\/\/algarveweddingplanners.com\/pt-pt\/cookies-policy\/","url":"https:\/\/algarveweddingplanners.com\/pt-pt\/cookies-policy\/","name":"Pol\u00edtica de Cookies - Algarve Wedding Planners","isPartOf":{"@id":"https:\/\/algarveweddingplanners.com\/#website"},"datePublished":"2025-06-06T17:15:22+00:00","dateModified":"2025-06-06T18:16:57+00:00","breadcrumb":{"@id":"https:\/\/algarveweddingplanners.com\/pt-pt\/cookies-policy\/#breadcrumb"},"inLanguage":"pt-PT","potentialAction":[{"@type":"ReadAction","target":["https:\/\/algarveweddingplanners.com\/pt-pt\/cookies-policy\/"]}]},{"@type":"BreadcrumbList","@id":"https:\/\/algarveweddingplanners.com\/pt-pt\/cookies-policy\/#breadcrumb","itemListElement":[{"@type":"ListItem","position":1,"name":"Home","item":"https:\/\/algarveweddingplanners.com\/pt-pt\/"},{"@type":"ListItem","position":2,"name":"Pol\u00edtica de Cookies"}]},{"@type":"WebSite","@id":"https:\/\/algarveweddingplanners.com\/#website","url":"https:\/\/algarveweddingplanners.com\/","name":"Algarve Wedding Planners","description":"White Impact Group","potentialAction":[{"@type":"SearchAction","target":{"@type":"EntryPoint","urlTemplate":"https:\/\/algarveweddingplanners.com\/?s={search_term_string}"},"query-input":{"@type":"PropertyValueSpecification","valueRequired":true,"valueName":"search_term_string"}}],"inLanguage":"pt-PT"}]}},"_links":{"self":[{"href":"https:\/\/algarveweddingplanners.com\/pt-pt\/wp-json\/wp\/v2\/pages\/2459","targetHints":{"allow":["GET"]}}],"collection":[{"href":"https:\/\/algarveweddingplanners.com\/pt-pt\/wp-json\/wp\/v2\/pages"}],"about":[{"href":"https:\/\/algarveweddingplanners.com\/pt-pt\/wp-json\/wp\/v2\/types\/page"}],"author":[{"embeddable":true,"href":"https:\/\/algarveweddingplanners.com\/pt-pt\/wp-json\/wp\/v2\/users\/1"}],"replies":[{"embeddable":true,"href":"https:\/\/algarveweddingplanners.com\/pt-pt\/wp-json\/wp\/v2\/comments?post=2459"}],"version-history":[{"count":7,"href":"https:\/\/algarveweddingplanners.com\/pt-pt\/wp-json\/wp\/v2\/pages\/2459\/revisions"}],"predecessor-version":[{"id":2466,"href":"https:\/\/algarveweddingplanners.com\/pt-pt\/wp-json\/wp\/v2\/pages\/2459\/revisions\/2466"}],"wp:attachment":[{"href":"https:\/\/algarveweddingplanners.com\/pt-pt\/wp-json\/wp\/v2\/media?parent=2459"}],"curies":[{"name":"wp","href":"https:\/\/api.w.org\/{rel}","templated":true}]}}