{"id":2582,"date":"2025-06-26T06:41:59","date_gmt":"2025-06-26T06:41:59","guid":{"rendered":"https:\/\/algarveweddingplanners.com\/arbitration-center\/"},"modified":"2025-06-26T06:43:45","modified_gmt":"2025-06-26T06:43:45","slug":"arbitration-center","status":"publish","type":"page","link":"https:\/\/algarveweddingplanners.com\/pt-pt\/arbitration-center\/","title":{"rendered":"Centro de Arbitragem"},"content":{"rendered":"\t\t<div data-elementor-type=\"wp-page\" data-elementor-id=\"2582\" class=\"elementor elementor-2582 elementor-2576\">\n\t\t\t\t<div class=\"elementor-element elementor-element-b3d0d56 e-flex e-con-boxed e-con e-parent\" data-id=\"b3d0d56\" data-element_type=\"container\" data-e-type=\"container\">\n\t\t\t\t\t<div class=\"e-con-inner\">\n\t\t\t\t<div class=\"elementor-element elementor-element-8948acd elementor-widget elementor-widget-heading\" data-id=\"8948acd\" data-element_type=\"widget\" data-e-type=\"widget\" data-widget_type=\"heading.default\">\n\t\t\t\t<div class=\"elementor-widget-container\">\n\t\t\t\t\t<h2 class=\"elementor-heading-title elementor-size-default\">Centro de Arbitragem<\/h2>\t\t\t\t<\/div>\n\t\t\t\t<\/div>\n\t\t\t\t\t<\/div>\n\t\t\t\t<\/div>\n\t\t<div class=\"wd-negative-gap elementor-element elementor-element-0c7d026 e-flex e-con-boxed e-con e-parent\" data-id=\"0c7d026\" data-element_type=\"container\" data-e-type=\"container\">\n\t\t\t\t\t<div class=\"e-con-inner\">\n\t\t\t\t<div class=\"elementor-element elementor-element-c2dc386 color-scheme-inherit text-left elementor-widget elementor-widget-text-editor\" data-id=\"c2dc386\" data-element_type=\"widget\" data-e-type=\"widget\" data-widget_type=\"text-editor.default\">\n\t\t\t\t<div class=\"elementor-widget-container\">\n\t\t\t\t\t\t\t\t\t<p class=\"p1\">Em caso de lit\u00edgio de consumo, o consumidor pode recorrer \u00e0 plataforma<span class=\"Apple-converted-space\">\u00a0 <\/span>para a resolu\u00e7\u00e3o alternativa de lit\u00edgios, a entidade competente de Resolu\u00e7\u00e3o Alternativa de Lit\u00edgios de Consumo (RAL) , estando dispon\u00edvel a lista dos Centros de Arbitragem autorizados em <a href=\"https:\/\/dgpj.justica.gov.pt\/resolucao-de-litigios\/arbitragem\/centros-de-arbitragem-autorizados\"><span class=\"s1\">https:\/\/dgpj.justica.gov.pt\/resolucao-de-litigios\/arbitragem\/centros-de-arbitragem-autorizados<\/span><\/a><\/p>\t\t\t\t\t\t\t\t<\/div>\n\t\t\t\t<\/div>\n\t\t\t\t\t<\/div>\n\t\t\t\t<\/div>\n\t\t\t\t<\/div>\n\t\t","protected":false},"excerpt":{"rendered":"<p>Centro de Arbitragem Em caso de lit\u00edgio de consumo, o consumidor pode recorrer \u00e0 plataforma\u00a0 para a resolu\u00e7\u00e3o alternativa de<\/p>\n","protected":false},"author":1,"featured_media":0,"parent":0,"menu_order":0,"comment_status":"closed","ping_status":"closed","template":"","meta":{"_joinchat":[],"footnotes":""},"class_list":["post-2582","page","type-page","status-publish","hentry"],"yoast_head":"<!-- This site is optimized with the Yoast SEO plugin v27.5 - https:\/\/yoast.com\/product\/yoast-seo-wordpress\/ -->\n<title>Centro de Arbitragem - Algarve Wedding Planners<\/title>\n<meta name=\"robots\" content=\"index, follow, max-snippet:-1, max-image-preview:large, max-video-preview:-1\" \/>\n<link rel=\"canonical\" href=\"https:\/\/algarveweddingplanners.com\/pt-pt\/arbitration-center\/\" \/>\n<meta property=\"og:locale\" content=\"pt_PT\" \/>\n<meta property=\"og:type\" content=\"article\" \/>\n<meta property=\"og:title\" content=\"Centro de Arbitragem - Algarve Wedding Planners\" \/>\n<meta property=\"og:description\" content=\"Centro de Arbitragem Em caso de lit\u00edgio de consumo, o consumidor pode recorrer \u00e0 plataforma\u00a0 para a resolu\u00e7\u00e3o alternativa de\" \/>\n<meta property=\"og:url\" content=\"https:\/\/algarveweddingplanners.com\/pt-pt\/arbitration-center\/\" \/>\n<meta property=\"og:site_name\" content=\"Algarve Wedding Planners\" \/>\n<meta property=\"article:modified_time\" content=\"2025-06-26T06:43:45+00:00\" \/>\n<meta name=\"twitter:card\" content=\"summary_large_image\" \/>\n<meta name=\"twitter:label1\" content=\"Tempo estimado de leitura\" \/>\n\t<meta name=\"twitter:data1\" content=\"1 minuto\" \/>\n<script type=\"application\/ld+json\" class=\"yoast-schema-graph\">{\"@context\":\"https:\\\/\\\/schema.org\",\"@graph\":[{\"@type\":\"WebPage\",\"@id\":\"https:\\\/\\\/algarveweddingplanners.com\\\/pt-pt\\\/arbitration-center\\\/\",\"url\":\"https:\\\/\\\/algarveweddingplanners.com\\\/pt-pt\\\/arbitration-center\\\/\",\"name\":\"Centro de Arbitragem - Algarve Wedding Planners\",\"isPartOf\":{\"@id\":\"https:\\\/\\\/algarveweddingplanners.com\\\/#website\"},\"datePublished\":\"2025-06-26T06:41:59+00:00\",\"dateModified\":\"2025-06-26T06:43:45+00:00\",\"breadcrumb\":{\"@id\":\"https:\\\/\\\/algarveweddingplanners.com\\\/pt-pt\\\/arbitration-center\\\/#breadcrumb\"},\"inLanguage\":\"pt-PT\",\"potentialAction\":[{\"@type\":\"ReadAction\",\"target\":[\"https:\\\/\\\/algarveweddingplanners.com\\\/pt-pt\\\/arbitration-center\\\/\"]}]},{\"@type\":\"BreadcrumbList\",\"@id\":\"https:\\\/\\\/algarveweddingplanners.com\\\/pt-pt\\\/arbitration-center\\\/#breadcrumb\",\"itemListElement\":[{\"@type\":\"ListItem\",\"position\":1,\"name\":\"Home\",\"item\":\"https:\\\/\\\/algarveweddingplanners.com\\\/pt-pt\\\/\"},{\"@type\":\"ListItem\",\"position\":2,\"name\":\"Centro de Arbitragem\"}]},{\"@type\":\"WebSite\",\"@id\":\"https:\\\/\\\/algarveweddingplanners.com\\\/#website\",\"url\":\"https:\\\/\\\/algarveweddingplanners.com\\\/\",\"name\":\"Algarve Wedding Planners\",\"description\":\"White Impact Group\",\"potentialAction\":[{\"@type\":\"SearchAction\",\"target\":{\"@type\":\"EntryPoint\",\"urlTemplate\":\"https:\\\/\\\/algarveweddingplanners.com\\\/?s={search_term_string}\"},\"query-input\":{\"@type\":\"PropertyValueSpecification\",\"valueRequired\":true,\"valueName\":\"search_term_string\"}}],\"inLanguage\":\"pt-PT\"}]}<\/script>\n<!-- \/ Yoast SEO plugin. -->","yoast_head_json":{"title":"Centro de Arbitragem - Algarve Wedding Planners","robots":{"index":"index","follow":"follow","max-snippet":"max-snippet:-1","max-image-preview":"max-image-preview:large","max-video-preview":"max-video-preview:-1"},"canonical":"https:\/\/algarveweddingplanners.com\/pt-pt\/arbitration-center\/","og_locale":"pt_PT","og_type":"article","og_title":"Centro de Arbitragem - Algarve Wedding Planners","og_description":"Centro de Arbitragem Em caso de lit\u00edgio de consumo, o consumidor pode recorrer \u00e0 plataforma\u00a0 para a resolu\u00e7\u00e3o alternativa de","og_url":"https:\/\/algarveweddingplanners.com\/pt-pt\/arbitration-center\/","og_site_name":"Algarve Wedding Planners","article_modified_time":"2025-06-26T06:43:45+00:00","twitter_card":"summary_large_image","twitter_misc":{"Tempo estimado de leitura":"1 minuto"},"schema":{"@context":"https:\/\/schema.org","@graph":[{"@type":"WebPage","@id":"https:\/\/algarveweddingplanners.com\/pt-pt\/arbitration-center\/","url":"https:\/\/algarveweddingplanners.com\/pt-pt\/arbitration-center\/","name":"Centro de Arbitragem - Algarve Wedding Planners","isPartOf":{"@id":"https:\/\/algarveweddingplanners.com\/#website"},"datePublished":"2025-06-26T06:41:59+00:00","dateModified":"2025-06-26T06:43:45+00:00","breadcrumb":{"@id":"https:\/\/algarveweddingplanners.com\/pt-pt\/arbitration-center\/#breadcrumb"},"inLanguage":"pt-PT","potentialAction":[{"@type":"ReadAction","target":["https:\/\/algarveweddingplanners.com\/pt-pt\/arbitration-center\/"]}]},{"@type":"BreadcrumbList","@id":"https:\/\/algarveweddingplanners.com\/pt-pt\/arbitration-center\/#breadcrumb","itemListElement":[{"@type":"ListItem","position":1,"name":"Home","item":"https:\/\/algarveweddingplanners.com\/pt-pt\/"},{"@type":"ListItem","position":2,"name":"Centro de Arbitragem"}]},{"@type":"WebSite","@id":"https:\/\/algarveweddingplanners.com\/#website","url":"https:\/\/algarveweddingplanners.com\/","name":"Algarve Wedding Planners","description":"White Impact Group","potentialAction":[{"@type":"SearchAction","target":{"@type":"EntryPoint","urlTemplate":"https:\/\/algarveweddingplanners.com\/?s={search_term_string}"},"query-input":{"@type":"PropertyValueSpecification","valueRequired":true,"valueName":"search_term_string"}}],"inLanguage":"pt-PT"}]}},"_links":{"self":[{"href":"https:\/\/algarveweddingplanners.com\/pt-pt\/wp-json\/wp\/v2\/pages\/2582","targetHints":{"allow":["GET"]}}],"collection":[{"href":"https:\/\/algarveweddingplanners.com\/pt-pt\/wp-json\/wp\/v2\/pages"}],"about":[{"href":"https:\/\/algarveweddingplanners.com\/pt-pt\/wp-json\/wp\/v2\/types\/page"}],"author":[{"embeddable":true,"href":"https:\/\/algarveweddingplanners.com\/pt-pt\/wp-json\/wp\/v2\/users\/1"}],"replies":[{"embeddable":true,"href":"https:\/\/algarveweddingplanners.com\/pt-pt\/wp-json\/wp\/v2\/comments?post=2582"}],"version-history":[{"count":4,"href":"https:\/\/algarveweddingplanners.com\/pt-pt\/wp-json\/wp\/v2\/pages\/2582\/revisions"}],"predecessor-version":[{"id":2586,"href":"https:\/\/algarveweddingplanners.com\/pt-pt\/wp-json\/wp\/v2\/pages\/2582\/revisions\/2586"}],"wp:attachment":[{"href":"https:\/\/algarveweddingplanners.com\/pt-pt\/wp-json\/wp\/v2\/media?parent=2582"}],"curies":[{"name":"wp","href":"https:\/\/api.w.org\/{rel}","templated":true}]}}